{"id":704,"date":"2025-04-23T18:44:27","date_gmt":"2025-04-23T18:44:27","guid":{"rendered":"https:\/\/ambientados.app\/?page_id=704"},"modified":"2025-04-23T18:44:27","modified_gmt":"2025-04-23T18:44:27","slug":"reporte-bic-2024","status":"publish","type":"page","link":"https:\/\/ambientados.app\/en\/reporte-bic-2024\/","title":{"rendered":"Reporte BIC 2024"},"content":{"rendered":"<div data-wp-interactive=\"core\/file\" class=\"wp-block-file\"><object data-wp-bind--hidden=\"!state.hasPdfPreview\" hidden class=\"wp-block-file__embed\" data=\"https:\/\/ambientados.app\/wp-content\/uploads\/2025\/04\/REPORTE-DE-GESTION-BIC-AMBIENTADOS-SAS-BIC-METODOLOGIA-EVALUACION-DE-IMPACTO-B-1-2.pdf\" type=\"application\/pdf\" style=\"width:100%;height:600px\" aria-label=\"Embed of REPORTE DE GESTI\u00d3N BIC AMBIENTADOS SAS BIC METODOLOG\u00cdA EVALUACI\u00d3N DE IMPACTO B (1).\"><\/object><a id=\"wp-block-file--media-6eeb35f4-8db2-4f6d-acc7-c271d94b10d0\" href=\"https:\/\/ambientados.app\/wp-content\/uploads\/2025\/04\/REPORTE-DE-GESTION-BIC-AMBIENTADOS-SAS-BIC-METODOLOGIA-EVALUACION-DE-IMPACTO-B-1-2.pdf\">REPORTE DE GESTI\u00d3N BIC AMBIENTADOS SAS BIC METODOLOG\u00cdA EVALUACI\u00d3N DE IMPACTO B (1)<\/a><a href=\"https:\/\/ambientados.app\/wp-content\/uploads\/2025\/04\/REPORTE-DE-GESTION-BIC-AMBIENTADOS-SAS-BIC-METODOLOGIA-EVALUACION-DE-IMPACTO-B-1-2.pdf\" class=\"wp-block-file__button wp-element-button\" download aria-describedby=\"wp-block-file--media-6eeb35f4-8db2-4f6d-acc7-c271d94b10d0\">Descarga<\/a><\/div>","protected":false},"excerpt":{"rendered":"","protected":false},"author":1,"featured_media":0,"parent":0,"menu_order":0,"comment_status":"closed","ping_status":"closed","template":"","meta":{"footnotes":""},"class_list":["post-704","page","type-page","status-publish","hentry"],"_links":{"self":[{"href":"https:\/\/ambientados.app\/en\/wp-json\/wp\/v2\/pages\/704","targetHints":{"allow":["GET"]}}],"collection":[{"href":"https:\/\/ambientados.app\/en\/wp-json\/wp\/v2\/pages"}],"about":[{"href":"https:\/\/ambientados.app\/en\/wp-json\/wp\/v2\/types\/page"}],"author":[{"embeddable":true,"href":"https:\/\/ambientados.app\/en\/wp-json\/wp\/v2\/users\/1"}],"replies":[{"embeddable":true,"href":"https:\/\/ambientados.app\/en\/wp-json\/wp\/v2\/comments?post=704"}],"version-history":[{"count":1,"href":"https:\/\/ambientados.app\/en\/wp-json\/wp\/v2\/pages\/704\/revisions"}],"predecessor-version":[{"id":706,"href":"https:\/\/ambientados.app\/en\/wp-json\/wp\/v2\/pages\/704\/revisions\/706"}],"wp:attachment":[{"href":"https:\/\/ambientados.app\/en\/wp-json\/wp\/v2\/media?parent=704"}],"curies":[{"name":"wp","href":"https:\/\/api.w.org\/{rel}","templated":true}]}}