{"id":653,"date":"2023-04-25T05:18:22","date_gmt":"2023-04-25T05:18:22","guid":{"rendered":"https:\/\/ambientados.app\/?page_id=653"},"modified":"2025-08-22T21:27:21","modified_gmt":"2025-08-22T21:27:21","slug":"proyectos","status":"publish","type":"page","link":"https:\/\/ambientados.app\/en\/proyectos\/","title":{"rendered":""},"content":{"rendered":"<div data-elementor-type=\"wp-page\" data-elementor-id=\"653\" class=\"elementor elementor-653\" data-elementor-settings=\"[]\">\n\t\t\t\t\t\t\t<div class=\"elementor-section-wrap\">\n\t\t\t\t\t\t\t<section class=\"elementor-section elementor-top-section elementor-element elementor-element-7c19c4a elementor-section-boxed elementor-section-height-default elementor-section-height-default\" data-id=\"7c19c4a\" data-element_type=\"section\">\n\t\t\t\t\t\t<div class=\"elementor-container elementor-column-gap-default\">\n\t\t\t\t\t<div class=\"elementor-column elementor-col-100 elementor-top-column elementor-element elementor-element-b5f415f\" data-id=\"b5f415f\" data-element_type=\"column\">\n\t\t\t<div class=\"elementor-widget-wrap elementor-element-populated\">\n\t\t\t\t\t\t\t\t<div class=\"elementor-element elementor-element-cf3e449 elementor-widget elementor-widget-heading\" data-id=\"cf3e449\" data-element_type=\"widget\" data-widget_type=\"heading.default\">\n\t\t\t\t<div class=\"elementor-widget-container\">\n\t\t\t<h2 class=\"elementor-heading-title elementor-size-default\">Proyects<\/h2>\t\t<\/div>\n\t\t\t\t<\/div>\n\t\t\t\t\t<\/div>\n\t\t<\/div>\n\t\t\t\t\t\t\t<\/div>\n\t\t<\/section>\n\t\t\t\t<section class=\"elementor-section elementor-top-section elementor-element elementor-element-4c74cc6 elementor-section-boxed elementor-section-height-default elementor-section-height-default\" data-id=\"4c74cc6\" data-element_type=\"section\">\n\t\t\t\t\t\t<div class=\"elementor-container elementor-column-gap-default\">\n\t\t\t\t\t<div class=\"elementor-column elementor-col-33 elementor-top-column elementor-element elementor-element-6cbf793\" data-id=\"6cbf793\" data-element_type=\"column\">\n\t\t\t<div class=\"elementor-widget-wrap elementor-element-populated\">\n\t\t\t\t\t\t\t\t<div class=\"elementor-element elementor-element-7f1cdec elementor-widget elementor-widget-text-editor\" data-id=\"7f1cdec\" data-element_type=\"widget\" data-widget_type=\"text-editor.default\">\n\t\t\t\t<div class=\"elementor-widget-container\">\n\t\t\t\t\t\t\t\t<p>Through the Circular Tourism Program \u2013 4Rs we aim to establish an efficient and sustainable system for the management and disposal of waste generated in the tourist area of Cartagena, in order to minimize its environmental impact and promote a culture of environmental responsibility in the community.<\/p><p>This is done through actions such as the implementation of selective containers for waste separation, the promotion of material reduction and reuse practices, training the population on the importance of proper waste management, the design of efficient collection and transport strategies, and the identification of opportunities for the recycling and recovery of waste generated in the area. In addition to a monitoring and evaluation plan to evaluate the effectiveness of the project and make adjustments if necessary.<\/p>\t\t\t\t\t\t<\/div>\n\t\t\t\t<\/div>\n\t\t\t\t\t<\/div>\n\t\t<\/div>\n\t\t\t\t<div class=\"elementor-column elementor-col-66 elementor-top-column elementor-element elementor-element-73d40f4\" data-id=\"73d40f4\" data-element_type=\"column\">\n\t\t\t<div class=\"elementor-widget-wrap elementor-element-populated\">\n\t\t\t\t\t\t\t\t<div class=\"elementor-element elementor-element-0571d81 elementor-widget elementor-widget-text-editor\" data-id=\"0571d81\" data-element_type=\"widget\" data-widget_type=\"text-editor.default\">\n\t\t\t\t<div class=\"elementor-widget-container\">\n\t\t\t\t\t\t\t\t<p><strong>Eco-Cycle Certification\u00a0<\/strong><\/p><p>It highlights establishments that meet criteria related to the proper management of their usable solid waste, that wish to be recognized for their efforts on the subject and that want annual recognition of their work and contribution to the social and environmental well-being of the city through the comprehensive management of their waste.\u00a0<\/p><ul><li>Among the benefits of participating in the Circular Tourism Program can be mentioned:<\/li><li>Eco-Cycle certification, awarded by Ambientados within the framework of the Circular Tourism Program.\u00a0<\/li><li>Advertising and visibility on the allies page as a sustainable tourist destination.<\/li><li>Advertising in activities carried out as part of the Circular Tourism Program.<\/li><li>Possibility of participating in environmental activities or training on these topics, developed by the company Ambientados.<\/li><li>Improve reputation and market positioning, highlighting recycling activities and getting customers involved when appropriate.<\/li><li>Reduction of costs in the operation.\u00a0<\/li><li>Progress in compliance with the requirements of Sectoral Technical Standards, in the event that they are not available.<\/li><li>Compliance with environmental regulatory obligations.<\/li><\/ul>\t\t\t\t\t\t<\/div>\n\t\t\t\t<\/div>\n\t\t\t\t\t<\/div>\n\t\t<\/div>\n\t\t\t\t\t\t\t<\/div>\n\t\t<\/section>\n\t\t\t\t\t\t<\/div>\n\t\t\t\t\t<\/div>","protected":false},"excerpt":{"rendered":"<p>Proyectos Ambientados A trav\u00e9s del Programa Turismo Circular &#8211; 4Rs tenemos como objetivo Establecer un sistema eficiente y sostenible para la gesti\u00f3n y disposici\u00f3n de los residuos generados en la zona tur\u00edstica de Cartagena, con el fin de minimizar su impacto ambiental y promover una cultura de responsabilidad ambiental en la comunidad. Lo anterior por [&hellip;]<\/p>","protected":false},"author":1,"featured_media":0,"parent":0,"menu_order":0,"comment_status":"closed","ping_status":"closed","template":"","meta":{"footnotes":""},"class_list":["post-653","page","type-page","status-publish","hentry"],"_links":{"self":[{"href":"https:\/\/ambientados.app\/en\/wp-json\/wp\/v2\/pages\/653","targetHints":{"allow":["GET"]}}],"collection":[{"href":"https:\/\/ambientados.app\/en\/wp-json\/wp\/v2\/pages"}],"about":[{"href":"https:\/\/ambientados.app\/en\/wp-json\/wp\/v2\/types\/page"}],"author":[{"embeddable":true,"href":"https:\/\/ambientados.app\/en\/wp-json\/wp\/v2\/users\/1"}],"replies":[{"embeddable":true,"href":"https:\/\/ambientados.app\/en\/wp-json\/wp\/v2\/comments?post=653"}],"version-history":[{"count":8,"href":"https:\/\/ambientados.app\/en\/wp-json\/wp\/v2\/pages\/653\/revisions"}],"predecessor-version":[{"id":749,"href":"https:\/\/ambientados.app\/en\/wp-json\/wp\/v2\/pages\/653\/revisions\/749"}],"wp:attachment":[{"href":"https:\/\/ambientados.app\/en\/wp-json\/wp\/v2\/media?parent=653"}],"curies":[{"name":"wp","href":"https:\/\/api.w.org\/{rel}","templated":true}]}}