{"id":622,"date":"2023-04-25T04:21:53","date_gmt":"2023-04-25T04:21:53","guid":{"rendered":"https:\/\/ambientados.app\/?page_id=622"},"modified":"2025-09-16T21:28:55","modified_gmt":"2025-09-16T21:28:55","slug":"quienes_somos","status":"publish","type":"page","link":"https:\/\/ambientados.app\/en\/quienes_somos\/","title":{"rendered":""},"content":{"rendered":"<div data-elementor-type=\"wp-page\" data-elementor-id=\"622\" class=\"elementor elementor-622\" data-elementor-settings=\"[]\">\n\t\t\t\t\t\t\t<div class=\"elementor-section-wrap\">\n\t\t\t\t\t\t\t<section class=\"elementor-section elementor-top-section elementor-element elementor-element-77f51de elementor-section-boxed elementor-section-height-default elementor-section-height-default\" data-id=\"77f51de\" data-element_type=\"section\">\n\t\t\t\t\t\t<div class=\"elementor-container elementor-column-gap-default\">\n\t\t\t\t\t<div class=\"elementor-column elementor-col-100 elementor-top-column elementor-element elementor-element-73944c0\" data-id=\"73944c0\" data-element_type=\"column\">\n\t\t\t<div class=\"elementor-widget-wrap elementor-element-populated\">\n\t\t\t\t\t\t\t\t<div class=\"elementor-element elementor-element-66a3522 elementor-widget elementor-widget-heading\" data-id=\"66a3522\" data-element_type=\"widget\" data-widget_type=\"heading.default\">\n\t\t\t\t<div class=\"elementor-widget-container\">\n\t\t\t<h2 class=\"elementor-heading-title elementor-size-default\">\u00bfWho are we? <\/h2>\t\t<\/div>\n\t\t\t\t<\/div>\n\t\t\t\t\t<\/div>\n\t\t<\/div>\n\t\t\t\t\t\t\t<\/div>\n\t\t<\/section>\n\t\t\t\t<section class=\"elementor-section elementor-top-section elementor-element elementor-element-4fa2969 elementor-section-boxed elementor-section-height-default elementor-section-height-default\" data-id=\"4fa2969\" data-element_type=\"section\">\n\t\t\t\t\t\t<div class=\"elementor-container elementor-column-gap-default\">\n\t\t\t\t\t<div class=\"elementor-column elementor-col-33 elementor-top-column elementor-element elementor-element-73af151\" data-id=\"73af151\" data-element_type=\"column\">\n\t\t\t<div class=\"elementor-widget-wrap elementor-element-populated\">\n\t\t\t\t\t\t\t\t<div class=\"elementor-element elementor-element-853ac91 elementor-widget elementor-widget-heading\" data-id=\"853ac91\" data-element_type=\"widget\" data-widget_type=\"heading.default\">\n\t\t\t\t<div class=\"elementor-widget-container\">\n\t\t\t<h5 class=\"elementor-heading-title elementor-size-default\">Our History<\/h5>\t\t<\/div>\n\t\t\t\t<\/div>\n\t\t\t\t\t<\/div>\n\t\t<\/div>\n\t\t\t\t<div class=\"elementor-column elementor-col-33 elementor-top-column elementor-element elementor-element-d735822\" data-id=\"d735822\" data-element_type=\"column\">\n\t\t\t<div class=\"elementor-widget-wrap elementor-element-populated\">\n\t\t\t\t\t\t\t\t<div class=\"elementor-element elementor-element-6305ea5 elementor-widget elementor-widget-heading\" data-id=\"6305ea5\" data-element_type=\"widget\" data-widget_type=\"heading.default\">\n\t\t\t\t<div class=\"elementor-widget-container\">\n\t\t\t<h5 class=\"elementor-heading-title elementor-size-default\">Mision<\/h5>\t\t<\/div>\n\t\t\t\t<\/div>\n\t\t\t\t\t<\/div>\n\t\t<\/div>\n\t\t\t\t<div class=\"elementor-column elementor-col-33 elementor-top-column elementor-element elementor-element-551aede\" data-id=\"551aede\" data-element_type=\"column\">\n\t\t\t<div class=\"elementor-widget-wrap elementor-element-populated\">\n\t\t\t\t\t\t\t\t<div class=\"elementor-element elementor-element-d95adc7 elementor-widget elementor-widget-heading\" data-id=\"d95adc7\" data-element_type=\"widget\" data-widget_type=\"heading.default\">\n\t\t\t\t<div class=\"elementor-widget-container\">\n\t\t\t<h5 class=\"elementor-heading-title elementor-size-default\">Vision<\/h5>\t\t<\/div>\n\t\t\t\t<\/div>\n\t\t\t\t\t<\/div>\n\t\t<\/div>\n\t\t\t\t\t\t\t<\/div>\n\t\t<\/section>\n\t\t\t\t<section class=\"elementor-section elementor-top-section elementor-element elementor-element-e74890b elementor-section-boxed elementor-section-height-default elementor-section-height-default\" data-id=\"e74890b\" data-element_type=\"section\">\n\t\t\t\t\t\t<div class=\"elementor-container elementor-column-gap-default\">\n\t\t\t\t\t<div class=\"elementor-column elementor-col-33 elementor-top-column elementor-element elementor-element-f9edef1\" data-id=\"f9edef1\" data-element_type=\"column\">\n\t\t\t<div class=\"elementor-widget-wrap elementor-element-populated\">\n\t\t\t\t\t\t\t\t<div class=\"elementor-element elementor-element-6355e6b elementor-widget elementor-widget-text-editor\" data-id=\"6355e6b\" data-element_type=\"widget\" data-widget_type=\"text-editor.default\">\n\t\t\t\t<div class=\"elementor-widget-container\">\n\t\t\t\t\t\t\t\t<p>Transformar la ciudad de Cartagena en un territorio con ecosistemas limpios, mediante un sistema de gesti\u00f3n inteligente y eficiente de residuos aprovechables, reconociendo a los recicladores de oficio como actores relevantes en la prestaci\u00f3n del servicio p\u00fablico de aseo. Este modelo, adem\u00e1s, debe generar una disminuci\u00f3n de la huella de carbono y aumentar la tasa de aprovechamiento de la ciudad, involucrando a todos los actores clave: gobierno, industria, turismo, comercio, ciudadan\u00eda y recicladores.<\/p>\t\t\t\t\t\t<\/div>\n\t\t\t\t<\/div>\n\t\t\t\t\t<\/div>\n\t\t<\/div>\n\t\t\t\t<div class=\"elementor-column elementor-col-33 elementor-top-column elementor-element elementor-element-5ef7c46\" data-id=\"5ef7c46\" data-element_type=\"column\">\n\t\t\t<div class=\"elementor-widget-wrap elementor-element-populated\">\n\t\t\t\t\t\t\t\t<div class=\"elementor-element elementor-element-97bc64c elementor-widget elementor-widget-text-editor\" data-id=\"97bc64c\" data-element_type=\"widget\" data-widget_type=\"text-editor.default\">\n\t\t\t\t<div class=\"elementor-widget-container\">\n\t\t\t\t\t\t\t\t<p>Transformar la ciudad de Cartagena en un territorio con ecosistemas limpios, mediante un sistema de gesti\u00f3n inteligente y eficiente de residuos aprovechables, reconociendo a los recicladores de oficio como actores relevantes en la prestaci\u00f3n del servicio p\u00fablico de aseo. Este modelo, adem\u00e1s, debe generar una disminuci\u00f3n de la huella de carbono y aumentar la tasa de aprovechamiento de la ciudad, involucrando a todos los actores clave: Gobierno, Industria, Turismo, Comercio, Ciudadan\u00eda y Recicladores.<\/p>\t\t\t\t\t\t<\/div>\n\t\t\t\t<\/div>\n\t\t\t\t\t<\/div>\n\t\t<\/div>\n\t\t\t\t<div class=\"elementor-column elementor-col-33 elementor-top-column elementor-element elementor-element-6469e18\" data-id=\"6469e18\" data-element_type=\"column\">\n\t\t\t<div class=\"elementor-widget-wrap elementor-element-populated\">\n\t\t\t\t\t\t\t\t<div class=\"elementor-element elementor-element-d91a0ee elementor-widget elementor-widget-text-editor\" data-id=\"d91a0ee\" data-element_type=\"widget\" data-widget_type=\"text-editor.default\">\n\t\t\t\t<div class=\"elementor-widget-container\">\n\t\t\t\t\t\t\t\t<p>En el a\u00f1o 2030 somos reconocidos como la primera empresa prestadora del servicio p\u00fablico de aseo en el esquema de aprovechamiento, con m\u00e1s de 77.000 usuarios vinculados, m\u00e1s de 290 recicladores asociados, m\u00e1s de 15 rutas operativas y una tasa de aprovechamiento del 5\u202f%.<\/p>\t\t\t\t\t\t<\/div>\n\t\t\t\t<\/div>\n\t\t\t\t\t<\/div>\n\t\t<\/div>\n\t\t\t\t\t\t\t<\/div>\n\t\t<\/section>\n\t\t\t\t\t\t<\/div>\n\t\t\t\t\t<\/div>","protected":false},"excerpt":{"rendered":"<p>\u00bfQuienes somos? Nuestra historia Misi\u00f3n Visi\u00f3n Transformar la ciudad de Cartagena en un territorio con ecosistemas limpios, mediante un sistema de gesti\u00f3n inteligente y eficiente de residuos aprovechables, reconociendo a los recicladores de oficio como actores relevantes en la prestaci\u00f3n del servicio p\u00fablico de aseo. Este modelo, adem\u00e1s, debe generar una disminuci\u00f3n de la huella [&hellip;]<\/p>","protected":false},"author":1,"featured_media":0,"parent":0,"menu_order":0,"comment_status":"closed","ping_status":"closed","template":"","meta":{"footnotes":""},"class_list":["post-622","page","type-page","status-publish","hentry"],"_links":{"self":[{"href":"https:\/\/ambientados.app\/en\/wp-json\/wp\/v2\/pages\/622","targetHints":{"allow":["GET"]}}],"collection":[{"href":"https:\/\/ambientados.app\/en\/wp-json\/wp\/v2\/pages"}],"about":[{"href":"https:\/\/ambientados.app\/en\/wp-json\/wp\/v2\/types\/page"}],"author":[{"embeddable":true,"href":"https:\/\/ambientados.app\/en\/wp-json\/wp\/v2\/users\/1"}],"replies":[{"embeddable":true,"href":"https:\/\/ambientados.app\/en\/wp-json\/wp\/v2\/comments?post=622"}],"version-history":[{"count":20,"href":"https:\/\/ambientados.app\/en\/wp-json\/wp\/v2\/pages\/622\/revisions"}],"predecessor-version":[{"id":768,"href":"https:\/\/ambientados.app\/en\/wp-json\/wp\/v2\/pages\/622\/revisions\/768"}],"wp:attachment":[{"href":"https:\/\/ambientados.app\/en\/wp-json\/wp\/v2\/media?parent=622"}],"curies":[{"name":"wp","href":"https:\/\/api.w.org\/{rel}","templated":true}]}}